{"id":8,"date":"2025-03-30T16:22:21","date_gmt":"2025-03-30T19:22:21","guid":{"rendered":"https:\/\/objetivapromocoes.com.br\/up\/?page_id=8"},"modified":"2025-07-30T22:28:02","modified_gmt":"2025-07-31T01:28:02","slug":"sobre","status":"publish","type":"page","link":"https:\/\/upgradesexclub.com.br\/up\/sobre\/","title":{"rendered":"O Clube"},"content":{"rendered":"\n<div class=\"wp-block-cover alignfull\" style=\"min-height:111px;aspect-ratio:unset;\"><span aria-hidden=\"true\" class=\"wp-block-cover__background has-nv-site-bg-background-color has-background-dim-100 has-background-dim\"><\/span><div class=\"wp-block-cover__inner-container is-layout-flow wp-block-cover-is-layout-flow\">\n<div class=\"wp-block-group\" style=\"padding-right:var(--wp--preset--spacing--30);padding-left:var(--wp--preset--spacing--30)\"><div class=\"wp-block-group__inner-container is-layout-flow wp-block-group-is-layout-flow\">\n<h2 class=\"wp-block-heading has-text-align-left has-neve-text-color-color has-text-color\">O Clube<\/h2>\n<\/div><\/div>\n<\/div><\/div>\n\n\n\n<div class=\"wp-block-cover alignfull\" style=\"min-height:600px;aspect-ratio:unset;\"><span aria-hidden=\"true\" class=\"wp-block-cover__background has-nv-light-bg-background-color has-background-dim-100 has-background-dim\"><\/span><div class=\"wp-block-cover__inner-container is-layout-flow wp-block-cover-is-layout-flow\">\n<div class=\"wp-block-group\"><div class=\"wp-block-group__inner-container is-layout-flow wp-block-group-is-layout-flow\">\n<div style=\"height:80px\" aria-hidden=\"true\" class=\"wp-block-spacer\"><\/div>\n\n\n\n<div class=\"wp-block-columns are-vertically-aligned-center has-neve-text-color-color has-text-color is-layout-flex wp-container-core-columns-is-layout-9d6595d7 wp-block-columns-is-layout-flex\">\n<div class=\"wp-block-column is-vertically-aligned-center is-layout-flow wp-block-column-is-layout-flow\" style=\"padding-right:var(--wp--preset--spacing--30);padding-left:var(--wp--preset--spacing--30);flex-basis:50%\">\n<figure class=\"wp-block-image size-full has-custom-border\"><img loading=\"lazy\" decoding=\"async\" width=\"500\" height=\"500\" src=\"https:\/\/upgradesexclub.com.br\/up\/wp-content\/uploads\/2025\/07\/logo-brasao-site-novo.png\" alt=\"\" class=\"wp-image-385\" style=\"border-radius:16px\" srcset=\"https:\/\/upgradesexclub.com.br\/up\/wp-content\/uploads\/2025\/07\/logo-brasao-site-novo.png 500w, https:\/\/upgradesexclub.com.br\/up\/wp-content\/uploads\/2025\/07\/logo-brasao-site-novo-150x150.png 150w, https:\/\/upgradesexclub.com.br\/up\/wp-content\/uploads\/2025\/07\/logo-brasao-site-novo-300x300.png 300w, https:\/\/upgradesexclub.com.br\/up\/wp-content\/uploads\/2025\/07\/logo-brasao-site-novo-250x250.png 250w\" sizes=\"auto, (max-width: 500px) 100vw, 500px\" \/><\/figure>\n<\/div>\n\n\n\n<div class=\"wp-block-column is-vertically-aligned-center is-layout-flow wp-block-column-is-layout-flow\" style=\"padding-top:0;padding-right:var(--wp--preset--spacing--30);padding-bottom:0;padding-left:var(--wp--preset--spacing--30);flex-basis:50%\">\n<p class=\"has-neve-text-color-color has-text-color\"><\/p>\n\n\n\n<p>O&nbsp;<strong>Upgrade Club<\/strong>&nbsp;\u00e9 um&nbsp;<em>sex club<\/em>&nbsp;com ambiente pensado em proporcionar prazer e realizar fetiches. Moderno, seguro e higi\u00eanico \u00e9 o local ideal para fodas sem compromisso, fazer amizades e quem sabe encontrar o boy sacana que voc\u00ea sempre quis.<\/p>\n\n\n\n<p>S\u00e3o 400m<sup>2<\/sup>, bar completo, TVs , arm\u00e1rios, duchas, duchas higi\u00eanicas, ambientes climatizados, labirinto cruising (com slings, pissing zone, cam\u00e3o, darkroom, etc).<\/p>\n\n\n\n<p>Introduzimos o conceito de Boys Interativos (Upgrade Boys), ao estilo das festas europeias \u201cGUYS GO CRAZY\u201d, onde o elenco de boys do clube d\u00e1 aquela apimentada na noite.<\/p>\n\n\n\n<p class=\"has-neve-text-color-color has-text-color\">Nossa programa\u00e7\u00e3o \u00e9 ecl\u00e9tica e tenta dar espa\u00e7o a diversos p\u00fablicos, temos noites com tem\u00e1tica fixas, que ocorrem em dias da semana. E as festas onde a tem\u00e1tica \u00e9 variada e ocorrem sextas e s\u00e1bados, acesse a programa\u00e7\u00e3o e fique por dentro da nossa putaria.<\/p>\n<\/div>\n<\/div>\n\n\n\n<div style=\"height:40px\" aria-hidden=\"true\" class=\"wp-block-spacer\"><\/div>\n<\/div><\/div>\n<\/div><\/div>\n\n\n\n<div class=\"wp-block-cover alignfull\" style=\"min-height:600px;aspect-ratio:unset;\"><span aria-hidden=\"true\" class=\"wp-block-cover__background has-nv-light-bg-background-color has-background-dim-100 has-background-dim\"><\/span><div class=\"wp-block-cover__inner-container is-layout-flow wp-block-cover-is-layout-flow\">\n<div class=\"wp-block-group\"><div class=\"wp-block-group__inner-container is-layout-flow wp-block-group-is-layout-flow\">\n<div class=\"wp-block-columns is-layout-flex wp-container-core-columns-is-layout-9d6595d7 wp-block-columns-is-layout-flex\">\n<div class=\"wp-block-column is-layout-flow wp-block-column-is-layout-flow\" style=\"flex-basis:20%\">\n<div class=\"wp-block-group is-vertical is-content-justification-center is-layout-flex wp-container-core-group-is-layout-4b2eccd6 wp-block-group-is-layout-flex\"><\/div>\n<\/div>\n\n\n\n<div class=\"wp-block-column is-layout-flow wp-block-column-is-layout-flow\" style=\"flex-basis:60%\">\n<div class=\"wp-block-group is-vertical is-content-justification-center is-layout-flex wp-container-core-group-is-layout-4b2eccd6 wp-block-group-is-layout-flex\">\n<h2 class=\"wp-block-heading has-text-align-center has-neve-text-color-color has-text-color has-link-color wp-elements-c421b466458ddc3b32503be49fac4616\">Fotos<\/h2>\n\n\n\n<div style=\"height:0px\" aria-hidden=\"true\" class=\"wp-block-spacer wp-container-content-f9bd05ee\"><\/div>\n<\/div>\n<\/div>\n\n\n\n<div class=\"wp-block-column is-layout-flow wp-block-column-is-layout-flow\" style=\"flex-basis:20%\">\n<div class=\"wp-block-group is-vertical is-content-justification-center is-layout-flex wp-container-core-group-is-layout-4b2eccd6 wp-block-group-is-layout-flex\"><\/div>\n<\/div>\n<\/div>\n<\/div><\/div>\n\n\n\n<figure class=\"wp-block-gallery has-nested-images columns-default is-cropped wp-block-gallery-1 is-layout-flex wp-block-gallery-is-layout-flex\">\n<figure class=\"wp-block-image size-large\"><img loading=\"lazy\" decoding=\"async\" width=\"768\" height=\"1024\" data-id=\"266\" src=\"https:\/\/upgradesexclub.com.br\/up\/wp-content\/uploads\/2025\/06\/PHOTO-2025-06-16-00-13-54-8-768x1024.jpg\" alt=\"\" class=\"wp-image-266\" srcset=\"https:\/\/upgradesexclub.com.br\/up\/wp-content\/uploads\/2025\/06\/PHOTO-2025-06-16-00-13-54-8-768x1024.jpg 768w, https:\/\/upgradesexclub.com.br\/up\/wp-content\/uploads\/2025\/06\/PHOTO-2025-06-16-00-13-54-8-225x300.jpg 225w, https:\/\/upgradesexclub.com.br\/up\/wp-content\/uploads\/2025\/06\/PHOTO-2025-06-16-00-13-54-8-1152x1536.jpg 1152w, https:\/\/upgradesexclub.com.br\/up\/wp-content\/uploads\/2025\/06\/PHOTO-2025-06-16-00-13-54-8-188x250.jpg 188w, https:\/\/upgradesexclub.com.br\/up\/wp-content\/uploads\/2025\/06\/PHOTO-2025-06-16-00-13-54-8.jpg 1200w\" sizes=\"auto, (max-width: 768px) 100vw, 768px\" \/><\/figure>\n\n\n\n<figure class=\"wp-block-image size-large\"><img loading=\"lazy\" decoding=\"async\" width=\"768\" height=\"1024\" data-id=\"270\" src=\"https:\/\/upgradesexclub.com.br\/up\/wp-content\/uploads\/2025\/06\/PHOTO-2025-06-16-00-13-54-5-768x1024.jpg\" alt=\"\" class=\"wp-image-270\" srcset=\"https:\/\/upgradesexclub.com.br\/up\/wp-content\/uploads\/2025\/06\/PHOTO-2025-06-16-00-13-54-5-768x1024.jpg 768w, https:\/\/upgradesexclub.com.br\/up\/wp-content\/uploads\/2025\/06\/PHOTO-2025-06-16-00-13-54-5-225x300.jpg 225w, https:\/\/upgradesexclub.com.br\/up\/wp-content\/uploads\/2025\/06\/PHOTO-2025-06-16-00-13-54-5-1152x1536.jpg 1152w, https:\/\/upgradesexclub.com.br\/up\/wp-content\/uploads\/2025\/06\/PHOTO-2025-06-16-00-13-54-5-188x250.jpg 188w, https:\/\/upgradesexclub.com.br\/up\/wp-content\/uploads\/2025\/06\/PHOTO-2025-06-16-00-13-54-5.jpg 1200w\" sizes=\"auto, (max-width: 768px) 100vw, 768px\" \/><\/figure>\n\n\n\n<figure class=\"wp-block-image size-large\"><img loading=\"lazy\" decoding=\"async\" width=\"768\" height=\"1024\" data-id=\"269\" src=\"https:\/\/upgradesexclub.com.br\/up\/wp-content\/uploads\/2025\/06\/PHOTO-2025-06-16-00-13-55-4-768x1024.jpg\" alt=\"\" class=\"wp-image-269\" srcset=\"https:\/\/upgradesexclub.com.br\/up\/wp-content\/uploads\/2025\/06\/PHOTO-2025-06-16-00-13-55-4-768x1024.jpg 768w, https:\/\/upgradesexclub.com.br\/up\/wp-content\/uploads\/2025\/06\/PHOTO-2025-06-16-00-13-55-4-225x300.jpg 225w, https:\/\/upgradesexclub.com.br\/up\/wp-content\/uploads\/2025\/06\/PHOTO-2025-06-16-00-13-55-4-1152x1536.jpg 1152w, https:\/\/upgradesexclub.com.br\/up\/wp-content\/uploads\/2025\/06\/PHOTO-2025-06-16-00-13-55-4-188x250.jpg 188w, https:\/\/upgradesexclub.com.br\/up\/wp-content\/uploads\/2025\/06\/PHOTO-2025-06-16-00-13-55-4.jpg 1200w\" sizes=\"auto, (max-width: 768px) 100vw, 768px\" \/><\/figure>\n\n\n\n<figure class=\"wp-block-image size-large\"><img loading=\"lazy\" decoding=\"async\" width=\"768\" height=\"1024\" data-id=\"268\" src=\"https:\/\/upgradesexclub.com.br\/up\/wp-content\/uploads\/2025\/06\/PHOTO-2025-06-16-00-13-54-6-768x1024.jpg\" alt=\"\" class=\"wp-image-268\" srcset=\"https:\/\/upgradesexclub.com.br\/up\/wp-content\/uploads\/2025\/06\/PHOTO-2025-06-16-00-13-54-6-768x1024.jpg 768w, https:\/\/upgradesexclub.com.br\/up\/wp-content\/uploads\/2025\/06\/PHOTO-2025-06-16-00-13-54-6-225x300.jpg 225w, https:\/\/upgradesexclub.com.br\/up\/wp-content\/uploads\/2025\/06\/PHOTO-2025-06-16-00-13-54-6-1152x1536.jpg 1152w, https:\/\/upgradesexclub.com.br\/up\/wp-content\/uploads\/2025\/06\/PHOTO-2025-06-16-00-13-54-6-188x250.jpg 188w, https:\/\/upgradesexclub.com.br\/up\/wp-content\/uploads\/2025\/06\/PHOTO-2025-06-16-00-13-54-6.jpg 1200w\" sizes=\"auto, (max-width: 768px) 100vw, 768px\" \/><\/figure>\n\n\n\n<figure class=\"wp-block-image size-large\"><img loading=\"lazy\" decoding=\"async\" width=\"768\" height=\"1024\" data-id=\"267\" src=\"https:\/\/upgradesexclub.com.br\/up\/wp-content\/uploads\/2025\/06\/PHOTO-2025-06-16-00-13-54-7-768x1024.jpg\" alt=\"\" class=\"wp-image-267\" srcset=\"https:\/\/upgradesexclub.com.br\/up\/wp-content\/uploads\/2025\/06\/PHOTO-2025-06-16-00-13-54-7-768x1024.jpg 768w, https:\/\/upgradesexclub.com.br\/up\/wp-content\/uploads\/2025\/06\/PHOTO-2025-06-16-00-13-54-7-225x300.jpg 225w, https:\/\/upgradesexclub.com.br\/up\/wp-content\/uploads\/2025\/06\/PHOTO-2025-06-16-00-13-54-7-1152x1536.jpg 1152w, https:\/\/upgradesexclub.com.br\/up\/wp-content\/uploads\/2025\/06\/PHOTO-2025-06-16-00-13-54-7-188x250.jpg 188w, https:\/\/upgradesexclub.com.br\/up\/wp-content\/uploads\/2025\/06\/PHOTO-2025-06-16-00-13-54-7.jpg 1200w\" sizes=\"auto, (max-width: 768px) 100vw, 768px\" \/><\/figure>\n\n\n\n<figure class=\"wp-block-image size-large\"><img loading=\"lazy\" decoding=\"async\" width=\"768\" height=\"1024\" data-id=\"261\" src=\"https:\/\/upgradesexclub.com.br\/up\/wp-content\/uploads\/2025\/06\/PHOTO-2025-06-16-00-13-56-5-768x1024.jpg\" alt=\"\" class=\"wp-image-261\" srcset=\"https:\/\/upgradesexclub.com.br\/up\/wp-content\/uploads\/2025\/06\/PHOTO-2025-06-16-00-13-56-5-768x1024.jpg 768w, https:\/\/upgradesexclub.com.br\/up\/wp-content\/uploads\/2025\/06\/PHOTO-2025-06-16-00-13-56-5-225x300.jpg 225w, https:\/\/upgradesexclub.com.br\/up\/wp-content\/uploads\/2025\/06\/PHOTO-2025-06-16-00-13-56-5-1152x1536.jpg 1152w, https:\/\/upgradesexclub.com.br\/up\/wp-content\/uploads\/2025\/06\/PHOTO-2025-06-16-00-13-56-5-188x250.jpg 188w, https:\/\/upgradesexclub.com.br\/up\/wp-content\/uploads\/2025\/06\/PHOTO-2025-06-16-00-13-56-5.jpg 1200w\" sizes=\"auto, (max-width: 768px) 100vw, 768px\" \/><\/figure>\n\n\n\n<figure class=\"wp-block-image size-large\"><img loading=\"lazy\" decoding=\"async\" width=\"768\" height=\"1024\" data-id=\"262\" src=\"https:\/\/upgradesexclub.com.br\/up\/wp-content\/uploads\/2025\/06\/PHOTO-2025-06-16-00-13-57-4-768x1024.jpg\" alt=\"\" class=\"wp-image-262\" srcset=\"https:\/\/upgradesexclub.com.br\/up\/wp-content\/uploads\/2025\/06\/PHOTO-2025-06-16-00-13-57-4-768x1024.jpg 768w, https:\/\/upgradesexclub.com.br\/up\/wp-content\/uploads\/2025\/06\/PHOTO-2025-06-16-00-13-57-4-225x300.jpg 225w, https:\/\/upgradesexclub.com.br\/up\/wp-content\/uploads\/2025\/06\/PHOTO-2025-06-16-00-13-57-4-1152x1536.jpg 1152w, https:\/\/upgradesexclub.com.br\/up\/wp-content\/uploads\/2025\/06\/PHOTO-2025-06-16-00-13-57-4-188x250.jpg 188w, https:\/\/upgradesexclub.com.br\/up\/wp-content\/uploads\/2025\/06\/PHOTO-2025-06-16-00-13-57-4.jpg 1200w\" sizes=\"auto, (max-width: 768px) 100vw, 768px\" \/><\/figure>\n\n\n\n<figure class=\"wp-block-image size-large\"><img loading=\"lazy\" decoding=\"async\" width=\"768\" height=\"1024\" data-id=\"263\" src=\"https:\/\/upgradesexclub.com.br\/up\/wp-content\/uploads\/2025\/06\/PHOTO-2025-06-16-00-13-57-3-768x1024.jpg\" alt=\"\" class=\"wp-image-263\" srcset=\"https:\/\/upgradesexclub.com.br\/up\/wp-content\/uploads\/2025\/06\/PHOTO-2025-06-16-00-13-57-3-768x1024.jpg 768w, https:\/\/upgradesexclub.com.br\/up\/wp-content\/uploads\/2025\/06\/PHOTO-2025-06-16-00-13-57-3-225x300.jpg 225w, https:\/\/upgradesexclub.com.br\/up\/wp-content\/uploads\/2025\/06\/PHOTO-2025-06-16-00-13-57-3-1152x1536.jpg 1152w, https:\/\/upgradesexclub.com.br\/up\/wp-content\/uploads\/2025\/06\/PHOTO-2025-06-16-00-13-57-3-188x250.jpg 188w, https:\/\/upgradesexclub.com.br\/up\/wp-content\/uploads\/2025\/06\/PHOTO-2025-06-16-00-13-57-3.jpg 1200w\" sizes=\"auto, (max-width: 768px) 100vw, 768px\" \/><\/figure>\n\n\n\n<figure class=\"wp-block-image size-large\"><img loading=\"lazy\" decoding=\"async\" width=\"768\" height=\"1024\" data-id=\"264\" src=\"https:\/\/upgradesexclub.com.br\/up\/wp-content\/uploads\/2025\/06\/PHOTO-2025-06-16-00-13-58-4-768x1024.jpg\" alt=\"\" class=\"wp-image-264\" srcset=\"https:\/\/upgradesexclub.com.br\/up\/wp-content\/uploads\/2025\/06\/PHOTO-2025-06-16-00-13-58-4-768x1024.jpg 768w, https:\/\/upgradesexclub.com.br\/up\/wp-content\/uploads\/2025\/06\/PHOTO-2025-06-16-00-13-58-4-225x300.jpg 225w, https:\/\/upgradesexclub.com.br\/up\/wp-content\/uploads\/2025\/06\/PHOTO-2025-06-16-00-13-58-4-1152x1536.jpg 1152w, https:\/\/upgradesexclub.com.br\/up\/wp-content\/uploads\/2025\/06\/PHOTO-2025-06-16-00-13-58-4-188x250.jpg 188w, https:\/\/upgradesexclub.com.br\/up\/wp-content\/uploads\/2025\/06\/PHOTO-2025-06-16-00-13-58-4.jpg 1200w\" sizes=\"auto, (max-width: 768px) 100vw, 768px\" \/><\/figure>\n\n\n\n<figure class=\"wp-block-image size-large\"><img loading=\"lazy\" decoding=\"async\" width=\"768\" height=\"1024\" data-id=\"265\" src=\"https:\/\/upgradesexclub.com.br\/up\/wp-content\/uploads\/2025\/06\/PHOTO-2025-06-16-00-13-58-3-768x1024.jpg\" alt=\"\" class=\"wp-image-265\" srcset=\"https:\/\/upgradesexclub.com.br\/up\/wp-content\/uploads\/2025\/06\/PHOTO-2025-06-16-00-13-58-3-768x1024.jpg 768w, https:\/\/upgradesexclub.com.br\/up\/wp-content\/uploads\/2025\/06\/PHOTO-2025-06-16-00-13-58-3-225x300.jpg 225w, https:\/\/upgradesexclub.com.br\/up\/wp-content\/uploads\/2025\/06\/PHOTO-2025-06-16-00-13-58-3-1152x1536.jpg 1152w, https:\/\/upgradesexclub.com.br\/up\/wp-content\/uploads\/2025\/06\/PHOTO-2025-06-16-00-13-58-3-188x250.jpg 188w, https:\/\/upgradesexclub.com.br\/up\/wp-content\/uploads\/2025\/06\/PHOTO-2025-06-16-00-13-58-3.jpg 1200w\" sizes=\"auto, (max-width: 768px) 100vw, 768px\" \/><\/figure>\n\n\n\n<figure class=\"wp-block-image size-large\"><img loading=\"lazy\" decoding=\"async\" width=\"768\" height=\"1024\" data-id=\"260\" src=\"https:\/\/upgradesexclub.com.br\/up\/wp-content\/uploads\/2025\/06\/PHOTO-2025-06-16-00-13-59-5-768x1024.jpg\" alt=\"\" class=\"wp-image-260\" srcset=\"https:\/\/upgradesexclub.com.br\/up\/wp-content\/uploads\/2025\/06\/PHOTO-2025-06-16-00-13-59-5-768x1024.jpg 768w, https:\/\/upgradesexclub.com.br\/up\/wp-content\/uploads\/2025\/06\/PHOTO-2025-06-16-00-13-59-5-225x300.jpg 225w, https:\/\/upgradesexclub.com.br\/up\/wp-content\/uploads\/2025\/06\/PHOTO-2025-06-16-00-13-59-5-1152x1536.jpg 1152w, https:\/\/upgradesexclub.com.br\/up\/wp-content\/uploads\/2025\/06\/PHOTO-2025-06-16-00-13-59-5-188x250.jpg 188w, https:\/\/upgradesexclub.com.br\/up\/wp-content\/uploads\/2025\/06\/PHOTO-2025-06-16-00-13-59-5.jpg 1200w\" sizes=\"auto, (max-width: 768px) 100vw, 768px\" \/><\/figure>\n\n\n\n<figure class=\"wp-block-image size-large\"><img loading=\"lazy\" decoding=\"async\" width=\"768\" height=\"1024\" data-id=\"259\" src=\"https:\/\/upgradesexclub.com.br\/up\/wp-content\/uploads\/2025\/06\/PHOTO-2025-06-16-00-13-56-6-768x1024.jpg\" alt=\"\" class=\"wp-image-259\" srcset=\"https:\/\/upgradesexclub.com.br\/up\/wp-content\/uploads\/2025\/06\/PHOTO-2025-06-16-00-13-56-6-768x1024.jpg 768w, https:\/\/upgradesexclub.com.br\/up\/wp-content\/uploads\/2025\/06\/PHOTO-2025-06-16-00-13-56-6-225x300.jpg 225w, https:\/\/upgradesexclub.com.br\/up\/wp-content\/uploads\/2025\/06\/PHOTO-2025-06-16-00-13-56-6-1152x1536.jpg 1152w, https:\/\/upgradesexclub.com.br\/up\/wp-content\/uploads\/2025\/06\/PHOTO-2025-06-16-00-13-56-6-188x250.jpg 188w, https:\/\/upgradesexclub.com.br\/up\/wp-content\/uploads\/2025\/06\/PHOTO-2025-06-16-00-13-56-6.jpg 1200w\" sizes=\"auto, (max-width: 768px) 100vw, 768px\" \/><\/figure>\n\n\n\n<figure class=\"wp-block-image size-large\"><img loading=\"lazy\" decoding=\"async\" width=\"768\" height=\"1024\" data-id=\"258\" src=\"https:\/\/upgradesexclub.com.br\/up\/wp-content\/uploads\/2025\/06\/PHOTO-2025-06-16-00-13-56-7-768x1024.jpg\" alt=\"\" class=\"wp-image-258\" srcset=\"https:\/\/upgradesexclub.com.br\/up\/wp-content\/uploads\/2025\/06\/PHOTO-2025-06-16-00-13-56-7-768x1024.jpg 768w, https:\/\/upgradesexclub.com.br\/up\/wp-content\/uploads\/2025\/06\/PHOTO-2025-06-16-00-13-56-7-225x300.jpg 225w, https:\/\/upgradesexclub.com.br\/up\/wp-content\/uploads\/2025\/06\/PHOTO-2025-06-16-00-13-56-7-1152x1536.jpg 1152w, https:\/\/upgradesexclub.com.br\/up\/wp-content\/uploads\/2025\/06\/PHOTO-2025-06-16-00-13-56-7-188x250.jpg 188w, https:\/\/upgradesexclub.com.br\/up\/wp-content\/uploads\/2025\/06\/PHOTO-2025-06-16-00-13-56-7.jpg 1200w\" sizes=\"auto, (max-width: 768px) 100vw, 768px\" \/><\/figure>\n\n\n\n<figure class=\"wp-block-image size-large\"><img loading=\"lazy\" decoding=\"async\" width=\"911\" height=\"1024\" data-id=\"256\" src=\"https:\/\/upgradesexclub.com.br\/up\/wp-content\/uploads\/2025\/06\/PHOTO-2025-06-16-00-13-55-5-911x1024.jpg\" alt=\"\" class=\"wp-image-256\" srcset=\"https:\/\/upgradesexclub.com.br\/up\/wp-content\/uploads\/2025\/06\/PHOTO-2025-06-16-00-13-55-5-911x1024.jpg 911w, https:\/\/upgradesexclub.com.br\/up\/wp-content\/uploads\/2025\/06\/PHOTO-2025-06-16-00-13-55-5-267x300.jpg 267w, https:\/\/upgradesexclub.com.br\/up\/wp-content\/uploads\/2025\/06\/PHOTO-2025-06-16-00-13-55-5-768x864.jpg 768w, https:\/\/upgradesexclub.com.br\/up\/wp-content\/uploads\/2025\/06\/PHOTO-2025-06-16-00-13-55-5-1366x1536.jpg 1366w, https:\/\/upgradesexclub.com.br\/up\/wp-content\/uploads\/2025\/06\/PHOTO-2025-06-16-00-13-55-5-222x250.jpg 222w, https:\/\/upgradesexclub.com.br\/up\/wp-content\/uploads\/2025\/06\/PHOTO-2025-06-16-00-13-55-5.jpg 1423w\" sizes=\"auto, (max-width: 911px) 100vw, 911px\" \/><\/figure>\n\n\n\n<figure class=\"wp-block-image size-large\"><img loading=\"lazy\" decoding=\"async\" width=\"1016\" height=\"1024\" data-id=\"251\" src=\"https:\/\/upgradesexclub.com.br\/up\/wp-content\/uploads\/2025\/06\/PHOTO-2025-06-16-00-13-56-8-1016x1024.jpg\" alt=\"\" class=\"wp-image-251\" srcset=\"https:\/\/upgradesexclub.com.br\/up\/wp-content\/uploads\/2025\/06\/PHOTO-2025-06-16-00-13-56-8-1016x1024.jpg 1016w, https:\/\/upgradesexclub.com.br\/up\/wp-content\/uploads\/2025\/06\/PHOTO-2025-06-16-00-13-56-8-150x150.jpg 150w, https:\/\/upgradesexclub.com.br\/up\/wp-content\/uploads\/2025\/06\/PHOTO-2025-06-16-00-13-56-8-298x300.jpg 298w, https:\/\/upgradesexclub.com.br\/up\/wp-content\/uploads\/2025\/06\/PHOTO-2025-06-16-00-13-56-8-768x774.jpg 768w, https:\/\/upgradesexclub.com.br\/up\/wp-content\/uploads\/2025\/06\/PHOTO-2025-06-16-00-13-56-8-248x250.jpg 248w, https:\/\/upgradesexclub.com.br\/up\/wp-content\/uploads\/2025\/06\/PHOTO-2025-06-16-00-13-56-8.jpg 1501w\" sizes=\"auto, (max-width: 1016px) 100vw, 1016px\" \/><\/figure>\n\n\n\n<figure class=\"wp-block-image size-large\"><img loading=\"lazy\" decoding=\"async\" width=\"768\" height=\"1024\" data-id=\"252\" src=\"https:\/\/upgradesexclub.com.br\/up\/wp-content\/uploads\/2025\/06\/PHOTO-2025-06-16-00-13-59-8-768x1024.jpg\" alt=\"\" class=\"wp-image-252\" srcset=\"https:\/\/upgradesexclub.com.br\/up\/wp-content\/uploads\/2025\/06\/PHOTO-2025-06-16-00-13-59-8-768x1024.jpg 768w, https:\/\/upgradesexclub.com.br\/up\/wp-content\/uploads\/2025\/06\/PHOTO-2025-06-16-00-13-59-8-225x300.jpg 225w, https:\/\/upgradesexclub.com.br\/up\/wp-content\/uploads\/2025\/06\/PHOTO-2025-06-16-00-13-59-8-1152x1536.jpg 1152w, https:\/\/upgradesexclub.com.br\/up\/wp-content\/uploads\/2025\/06\/PHOTO-2025-06-16-00-13-59-8-188x250.jpg 188w, https:\/\/upgradesexclub.com.br\/up\/wp-content\/uploads\/2025\/06\/PHOTO-2025-06-16-00-13-59-8.jpg 1200w\" sizes=\"auto, (max-width: 768px) 100vw, 768px\" \/><\/figure>\n\n\n\n<figure class=\"wp-block-image size-large\"><img loading=\"lazy\" decoding=\"async\" width=\"768\" height=\"1024\" data-id=\"253\" src=\"https:\/\/upgradesexclub.com.br\/up\/wp-content\/uploads\/2025\/06\/PHOTO-2025-06-16-00-13-59-7-768x1024.jpg\" alt=\"\" class=\"wp-image-253\" srcset=\"https:\/\/upgradesexclub.com.br\/up\/wp-content\/uploads\/2025\/06\/PHOTO-2025-06-16-00-13-59-7-768x1024.jpg 768w, https:\/\/upgradesexclub.com.br\/up\/wp-content\/uploads\/2025\/06\/PHOTO-2025-06-16-00-13-59-7-225x300.jpg 225w, https:\/\/upgradesexclub.com.br\/up\/wp-content\/uploads\/2025\/06\/PHOTO-2025-06-16-00-13-59-7-1152x1536.jpg 1152w, https:\/\/upgradesexclub.com.br\/up\/wp-content\/uploads\/2025\/06\/PHOTO-2025-06-16-00-13-59-7-188x250.jpg 188w, https:\/\/upgradesexclub.com.br\/up\/wp-content\/uploads\/2025\/06\/PHOTO-2025-06-16-00-13-59-7.jpg 1200w\" sizes=\"auto, (max-width: 768px) 100vw, 768px\" \/><\/figure>\n\n\n\n<figure class=\"wp-block-image size-large\"><img loading=\"lazy\" decoding=\"async\" width=\"977\" height=\"1024\" data-id=\"254\" src=\"https:\/\/upgradesexclub.com.br\/up\/wp-content\/uploads\/2025\/06\/PHOTO-2025-06-16-00-13-59-6-977x1024.jpg\" alt=\"\" class=\"wp-image-254\" srcset=\"https:\/\/upgradesexclub.com.br\/up\/wp-content\/uploads\/2025\/06\/PHOTO-2025-06-16-00-13-59-6-977x1024.jpg 977w, https:\/\/upgradesexclub.com.br\/up\/wp-content\/uploads\/2025\/06\/PHOTO-2025-06-16-00-13-59-6-286x300.jpg 286w, https:\/\/upgradesexclub.com.br\/up\/wp-content\/uploads\/2025\/06\/PHOTO-2025-06-16-00-13-59-6-768x805.jpg 768w, https:\/\/upgradesexclub.com.br\/up\/wp-content\/uploads\/2025\/06\/PHOTO-2025-06-16-00-13-59-6-1465x1536.jpg 1465w, https:\/\/upgradesexclub.com.br\/up\/wp-content\/uploads\/2025\/06\/PHOTO-2025-06-16-00-13-59-6-238x250.jpg 238w, https:\/\/upgradesexclub.com.br\/up\/wp-content\/uploads\/2025\/06\/PHOTO-2025-06-16-00-13-59-6.jpg 1526w\" sizes=\"auto, (max-width: 977px) 100vw, 977px\" \/><\/figure>\n\n\n\n<figure class=\"wp-block-image size-large\"><img loading=\"lazy\" decoding=\"async\" width=\"1024\" height=\"822\" data-id=\"255\" src=\"https:\/\/upgradesexclub.com.br\/up\/wp-content\/uploads\/2025\/06\/PHOTO-2025-06-16-00-13-55-6-1024x822.jpg\" alt=\"\" class=\"wp-image-255\" srcset=\"https:\/\/upgradesexclub.com.br\/up\/wp-content\/uploads\/2025\/06\/PHOTO-2025-06-16-00-13-55-6-1024x822.jpg 1024w, https:\/\/upgradesexclub.com.br\/up\/wp-content\/uploads\/2025\/06\/PHOTO-2025-06-16-00-13-55-6-300x241.jpg 300w, https:\/\/upgradesexclub.com.br\/up\/wp-content\/uploads\/2025\/06\/PHOTO-2025-06-16-00-13-55-6-768x617.jpg 768w, https:\/\/upgradesexclub.com.br\/up\/wp-content\/uploads\/2025\/06\/PHOTO-2025-06-16-00-13-55-6-250x201.jpg 250w, https:\/\/upgradesexclub.com.br\/up\/wp-content\/uploads\/2025\/06\/PHOTO-2025-06-16-00-13-55-6.jpg 1512w\" sizes=\"auto, (max-width: 1024px) 100vw, 1024px\" \/><\/figure>\n\n\n\n<figure class=\"wp-block-image size-large\"><img loading=\"lazy\" decoding=\"async\" width=\"428\" height=\"1024\" data-id=\"257\" src=\"https:\/\/upgradesexclub.com.br\/up\/wp-content\/uploads\/2025\/06\/PHOTO-2025-06-16-00-14-00-2-428x1024.jpg\" alt=\"\" class=\"wp-image-257\" srcset=\"https:\/\/upgradesexclub.com.br\/up\/wp-content\/uploads\/2025\/06\/PHOTO-2025-06-16-00-14-00-2-428x1024.jpg 428w, https:\/\/upgradesexclub.com.br\/up\/wp-content\/uploads\/2025\/06\/PHOTO-2025-06-16-00-14-00-2-125x300.jpg 125w, https:\/\/upgradesexclub.com.br\/up\/wp-content\/uploads\/2025\/06\/PHOTO-2025-06-16-00-14-00-2-104x250.jpg 104w, https:\/\/upgradesexclub.com.br\/up\/wp-content\/uploads\/2025\/06\/PHOTO-2025-06-16-00-14-00-2.jpg 668w\" sizes=\"auto, (max-width: 428px) 100vw, 428px\" \/><\/figure>\n<\/figure>\n<\/div><\/div>\n\n\n\n<figure style=\"padding-top:0;padding-right:0;padding-bottom:0;padding-left:0\" class=\"wp-block-video\"><video height=\"850\" style=\"aspect-ratio: 478 \/ 850;\" width=\"478\" controls preload=\"auto\" src=\"https:\/\/upgradesexclub.com.br\/up\/wp-content\/uploads\/2025\/07\/VIDEO-2025-07-29-12-35-23.mp4\"><\/video><\/figure>\n","protected":false},"excerpt":{"rendered":"","protected":false},"author":1,"featured_media":0,"parent":0,"menu_order":0,"comment_status":"closed","ping_status":"closed","template":"","meta":{"neve_meta_sidebar":"","neve_meta_container":"","neve_meta_enable_content_width":"on","neve_meta_content_width":100,"neve_meta_title_alignment":"","neve_meta_author_avatar":"","neve_post_elements_order":"","neve_meta_disable_header":"","neve_meta_disable_footer":"","neve_meta_disable_title":"on","_themeisle_gutenberg_block_has_review":false,"footnotes":""},"class_list":["post-8","page","type-page","status-publish","hentry"],"_links":{"self":[{"href":"https:\/\/upgradesexclub.com.br\/up\/wp-json\/wp\/v2\/pages\/8","targetHints":{"allow":["GET"]}}],"collection":[{"href":"https:\/\/upgradesexclub.com.br\/up\/wp-json\/wp\/v2\/pages"}],"about":[{"href":"https:\/\/upgradesexclub.com.br\/up\/wp-json\/wp\/v2\/types\/page"}],"author":[{"embeddable":true,"href":"https:\/\/upgradesexclub.com.br\/up\/wp-json\/wp\/v2\/users\/1"}],"replies":[{"embeddable":true,"href":"https:\/\/upgradesexclub.com.br\/up\/wp-json\/wp\/v2\/comments?post=8"}],"version-history":[{"count":16,"href":"https:\/\/upgradesexclub.com.br\/up\/wp-json\/wp\/v2\/pages\/8\/revisions"}],"predecessor-version":[{"id":812,"href":"https:\/\/upgradesexclub.com.br\/up\/wp-json\/wp\/v2\/pages\/8\/revisions\/812"}],"wp:attachment":[{"href":"https:\/\/upgradesexclub.com.br\/up\/wp-json\/wp\/v2\/media?parent=8"}],"curies":[{"name":"wp","href":"https:\/\/api.w.org\/{rel}","templated":true}]}}