{"id":732,"date":"2026-01-21T17:06:30","date_gmt":"2026-01-21T20:06:30","guid":{"rendered":"https:\/\/upgradesexclub.com.br\/up\/eventos-2\/"},"modified":"2026-01-31T23:55:22","modified_gmt":"2026-02-01T02:55:22","slug":"eventos-2","status":"publish","type":"page","link":"https:\/\/upgradesexclub.com.br\/up\/eventos-2\/","title":{"rendered":"Eventos"},"content":{"rendered":"\n<p><strong>Estamos sempre postando a programa\u00e7\u00e3o completa do m\u00eas e as atra\u00e7\u00f5es ser\u00e3o atualizadas semanalmente.<\/strong><\/p>\n\n\n\n<p>CONTENTS<\/p>\n","protected":false},"excerpt":{"rendered":"<p>CONTENTS<\/p>\n","protected":false},"author":1,"featured_media":0,"parent":0,"menu_order":0,"comment_status":"closed","ping_status":"open","template":"","meta":{"neve_meta_sidebar":"","neve_meta_container":"","neve_meta_enable_content_width":"","neve_meta_content_width":0,"neve_meta_title_alignment":"","neve_meta_author_avatar":"","neve_post_elements_order":"","neve_meta_disable_header":"","neve_meta_disable_footer":"","neve_meta_disable_title":"","_themeisle_gutenberg_block_has_review":false,"footnotes":""},"class_list":["post-732","page","type-page","status-publish","hentry"],"_links":{"self":[{"href":"https:\/\/upgradesexclub.com.br\/up\/wp-json\/wp\/v2\/pages\/732","targetHints":{"allow":["GET"]}}],"collection":[{"href":"https:\/\/upgradesexclub.com.br\/up\/wp-json\/wp\/v2\/pages"}],"about":[{"href":"https:\/\/upgradesexclub.com.br\/up\/wp-json\/wp\/v2\/types\/page"}],"author":[{"embeddable":true,"href":"https:\/\/upgradesexclub.com.br\/up\/wp-json\/wp\/v2\/users\/1"}],"replies":[{"embeddable":true,"href":"https:\/\/upgradesexclub.com.br\/up\/wp-json\/wp\/v2\/comments?post=732"}],"version-history":[{"count":2,"href":"https:\/\/upgradesexclub.com.br\/up\/wp-json\/wp\/v2\/pages\/732\/revisions"}],"predecessor-version":[{"id":808,"href":"https:\/\/upgradesexclub.com.br\/up\/wp-json\/wp\/v2\/pages\/732\/revisions\/808"}],"wp:attachment":[{"href":"https:\/\/upgradesexclub.com.br\/up\/wp-json\/wp\/v2\/media?parent=732"}],"curies":[{"name":"wp","href":"https:\/\/api.w.org\/{rel}","templated":true}]}}