{"id":332,"date":"2025-07-12T11:33:55","date_gmt":"2025-07-12T14:33:55","guid":{"rendered":"https:\/\/upgradesexclub.com.br\/up\/?page_id=332"},"modified":"2025-07-13T14:09:35","modified_gmt":"2025-07-13T17:09:35","slug":"teste-insert","status":"publish","type":"page","link":"https:\/\/upgradesexclub.com.br\/up\/teste-insert\/","title":{"rendered":"Programa\u00e7\u00e3o"},"content":{"rendered":"\n<p class=\"has-text-color has-link-color wp-elements-387c67c2915dcb9d676622974d56d38c\" style=\"color:#ff0000\"><strong>Estamos sempre postando a programa\u00e7\u00e3o completa do m\u00eas e as atra\u00e7\u00f5es ser\u00e3o atualizadas semanalmente.<\/strong><\/p>\n\n\n\n<script id=\"timely_script\" class=\"timely-script\" src=\"https:\/\/events.timely.fun\/embed.js\" data-src=\"https:\/\/events.timely.fun\/oqql9qby\/month\" data-max-height=\"0\" ><\/script>\n\n\n\n<p class=\"has-background\" style=\"background-color:#000000\"><\/p>\n\n\n\n<p><\/p>\n","protected":false},"excerpt":{"rendered":"<p>Estamos sempre postando a programa\u00e7\u00e3o completa do m\u00eas e as atra\u00e7\u00f5es ser\u00e3o atualizadas semanalmente.<\/p>\n","protected":false},"author":1,"featured_media":0,"parent":0,"menu_order":0,"comment_status":"closed","ping_status":"closed","template":"","meta":{"neve_meta_sidebar":"","neve_meta_container":"","neve_meta_enable_content_width":"","neve_meta_content_width":0,"neve_meta_title_alignment":"","neve_meta_author_avatar":"","neve_post_elements_order":"","neve_meta_disable_header":"","neve_meta_disable_footer":"","neve_meta_disable_title":"","_themeisle_gutenberg_block_has_review":false,"footnotes":""},"class_list":["post-332","page","type-page","status-publish","hentry"],"_links":{"self":[{"href":"https:\/\/upgradesexclub.com.br\/up\/wp-json\/wp\/v2\/pages\/332","targetHints":{"allow":["GET"]}}],"collection":[{"href":"https:\/\/upgradesexclub.com.br\/up\/wp-json\/wp\/v2\/pages"}],"about":[{"href":"https:\/\/upgradesexclub.com.br\/up\/wp-json\/wp\/v2\/types\/page"}],"author":[{"embeddable":true,"href":"https:\/\/upgradesexclub.com.br\/up\/wp-json\/wp\/v2\/users\/1"}],"replies":[{"embeddable":true,"href":"https:\/\/upgradesexclub.com.br\/up\/wp-json\/wp\/v2\/comments?post=332"}],"version-history":[{"count":8,"href":"https:\/\/upgradesexclub.com.br\/up\/wp-json\/wp\/v2\/pages\/332\/revisions"}],"predecessor-version":[{"id":400,"href":"https:\/\/upgradesexclub.com.br\/up\/wp-json\/wp\/v2\/pages\/332\/revisions\/400"}],"wp:attachment":[{"href":"https:\/\/upgradesexclub.com.br\/up\/wp-json\/wp\/v2\/media?parent=332"}],"curies":[{"name":"wp","href":"https:\/\/api.w.org\/{rel}","templated":true}]}}