{"id":327,"date":"2025-07-07T11:55:07","date_gmt":"2025-07-07T14:55:07","guid":{"rendered":"https:\/\/upgradesexclub.com.br\/up\/?page_id=327"},"modified":"2026-01-31T23:45:36","modified_gmt":"2026-02-01T02:45:36","slug":"cadastro","status":"publish","type":"page","link":"https:\/\/upgradesexclub.com.br\/up\/cadastro\/","title":{"rendered":"Cadastro"},"content":{"rendered":"\n<p><\/p>\n\n\n\n<p><\/p>\n\n\n\n<h2 class=\"wp-block-heading\"><strong>Fa\u00e7a seu cadastro para receber a nossa programa\u00e7\u00e3o<\/strong>:<\/h2>\n\n\n\n<div id=\"opt_2\" style=\"max-width: 100vw; width:100%; height: 600px; background-color: black;\"><\/div>\n","protected":false},"excerpt":{"rendered":"<p>Fa\u00e7a seu cadastro para receber a nossa programa\u00e7\u00e3o:<\/p>\n","protected":false},"author":1,"featured_media":0,"parent":0,"menu_order":0,"comment_status":"closed","ping_status":"closed","template":"","meta":{"neve_meta_sidebar":"","neve_meta_container":"","neve_meta_enable_content_width":"","neve_meta_content_width":0,"neve_meta_title_alignment":"","neve_meta_author_avatar":"","neve_post_elements_order":"","neve_meta_disable_header":"","neve_meta_disable_footer":"","neve_meta_disable_title":"","_themeisle_gutenberg_block_has_review":false,"footnotes":""},"class_list":["post-327","page","type-page","status-publish","hentry"],"_links":{"self":[{"href":"https:\/\/upgradesexclub.com.br\/up\/wp-json\/wp\/v2\/pages\/327","targetHints":{"allow":["GET"]}}],"collection":[{"href":"https:\/\/upgradesexclub.com.br\/up\/wp-json\/wp\/v2\/pages"}],"about":[{"href":"https:\/\/upgradesexclub.com.br\/up\/wp-json\/wp\/v2\/types\/page"}],"author":[{"embeddable":true,"href":"https:\/\/upgradesexclub.com.br\/up\/wp-json\/wp\/v2\/users\/1"}],"replies":[{"embeddable":true,"href":"https:\/\/upgradesexclub.com.br\/up\/wp-json\/wp\/v2\/comments?post=327"}],"version-history":[{"count":11,"href":"https:\/\/upgradesexclub.com.br\/up\/wp-json\/wp\/v2\/pages\/327\/revisions"}],"predecessor-version":[{"id":806,"href":"https:\/\/upgradesexclub.com.br\/up\/wp-json\/wp\/v2\/pages\/327\/revisions\/806"}],"wp:attachment":[{"href":"https:\/\/upgradesexclub.com.br\/up\/wp-json\/wp\/v2\/media?parent=327"}],"curies":[{"name":"wp","href":"https:\/\/api.w.org\/{rel}","templated":true}]}}