{"id":210,"date":"2025-04-01T09:19:18","date_gmt":"2025-04-01T12:19:18","guid":{"rendered":"https:\/\/objetivapromocoes.com.br\/up\/?page_id=210"},"modified":"2026-01-04T09:11:52","modified_gmt":"2026-01-04T12:11:52","slug":"regras","status":"publish","type":"page","link":"https:\/\/upgradesexclub.com.br\/up\/regras\/","title":{"rendered":"Regras"},"content":{"rendered":"\n<div class=\"wp-block-cover alignfull\" style=\"min-height:111px;aspect-ratio:unset;\"><span aria-hidden=\"true\" class=\"wp-block-cover__background has-nv-site-bg-background-color has-background-dim-100 has-background-dim\"><\/span><div class=\"wp-block-cover__inner-container is-layout-flow wp-block-cover-is-layout-flow\">\n<div class=\"wp-block-group\" style=\"padding-right:var(--wp--preset--spacing--30);padding-left:var(--wp--preset--spacing--30)\"><div class=\"wp-block-group__inner-container is-layout-flow wp-block-group-is-layout-flow\">\n<h2 class=\"wp-block-heading has-text-align-left has-neve-text-color-color has-text-color\">Regras<\/h2>\n<\/div><\/div>\n<\/div><\/div>\n\n\n\n<div class=\"wp-block-cover alignfull\" style=\"min-height:600px;aspect-ratio:unset;\"><span aria-hidden=\"true\" class=\"wp-block-cover__background has-nv-light-bg-background-color has-background-dim-100 has-background-dim\"><\/span><div class=\"wp-block-cover__inner-container is-layout-flow wp-block-cover-is-layout-flow\">\n<div class=\"wp-block-group\"><div class=\"wp-block-group__inner-container is-layout-flow wp-block-group-is-layout-flow\">\n<div style=\"height:80px\" aria-hidden=\"true\" class=\"wp-block-spacer\"><\/div>\n\n\n\n<div class=\"wp-block-columns are-vertically-aligned-center has-neve-text-color-color has-text-color is-layout-flex wp-container-core-columns-is-layout-9d6595d7 wp-block-columns-is-layout-flex\">\n<div class=\"wp-block-column is-vertically-aligned-center is-layout-flow wp-block-column-is-layout-flow\" style=\"padding-right:var(--wp--preset--spacing--30);padding-left:var(--wp--preset--spacing--30);flex-basis:50%\">\n<figure class=\"wp-block-image size-full has-custom-border\"><img loading=\"lazy\" decoding=\"async\" width=\"500\" height=\"500\" src=\"https:\/\/upgradesexclub.com.br\/up\/wp-content\/uploads\/2025\/07\/logo-brasao-site-novo.png\" alt=\"\" class=\"wp-image-385\" style=\"border-radius:16px\" srcset=\"https:\/\/upgradesexclub.com.br\/up\/wp-content\/uploads\/2025\/07\/logo-brasao-site-novo.png 500w, https:\/\/upgradesexclub.com.br\/up\/wp-content\/uploads\/2025\/07\/logo-brasao-site-novo-150x150.png 150w, https:\/\/upgradesexclub.com.br\/up\/wp-content\/uploads\/2025\/07\/logo-brasao-site-novo-300x300.png 300w, https:\/\/upgradesexclub.com.br\/up\/wp-content\/uploads\/2025\/07\/logo-brasao-site-novo-250x250.png 250w\" sizes=\"auto, (max-width: 500px) 100vw, 500px\" \/><\/figure>\n<\/div>\n\n\n\n<div class=\"wp-block-column is-vertically-aligned-center is-layout-flow wp-block-column-is-layout-flow\" style=\"padding-top:0;padding-right:var(--wp--preset--spacing--30);padding-bottom:0;padding-left:var(--wp--preset--spacing--30);flex-basis:50%\">\n<p class=\"has-neve-text-color-color has-text-color\"><\/p>\n\n\n\n<p><strong>1 \u2013<\/strong>&nbsp;Exclusivamente para homens gays\/bi maiores de 18 anos;<\/p>\n\n\n\n<p><strong>2 \u2013<\/strong>&nbsp;N\u00c3O \u00e9 N\u00c3O e ponto. Respeite o espa\u00e7o dos outros para ser respeitado. N\u00e3o seja \u2018grude\u2019. Clientes inconvenientes ser\u00e3o convidados a retirar-se;<\/p>\n\n\n\n<p><strong>3 \u2013<\/strong>&nbsp;\u00c9 expressamente proibido o porte de celulares ou outros dispositivos eletr\u00f4nicos, exceto na \u00e1rea da recep\u00e7\u00e3o;<\/p>\n\n\n\n<p><strong>4 \u2013<\/strong>&nbsp;A casa disp\u00f5e e incentiva o uso de camisinhas e gel para sua prote\u00e7\u00e3o, por\u00e9m n\u00e3o patrulhamos o sexo de ningu\u00e9m, cada um sabe o tipo de sexo que quer ter;<\/p>\n\n\n\n<p><strong>5 \u2013<\/strong>\u00a0Dress Code LIVRE &#8211; vista-se como quiser: cueca, sunga, jockstrap, roupas de fetiche, acess\u00f3rios, roupa convencional ou se preferir pode ate ficar pelado<\/p>\n\n\n\n<p>Se atente ao celular: Este dever\u00e1 ficar no seu arm\u00e1rio, pois o uso interno \u00e9 proibido;<\/p>\n\n\n\n<p><strong>6 \u2013<\/strong>&nbsp;Divirta-se, aproveite nosso clube para seu prazer, da forma que melhor quiser. Uma dos nossos lemas \u00e9 \u201csem patrulhamento\u201d, ent\u00e3o beba, relaxe e viva o prazer. Mas por favor, evite exageros e suas consequ\u00eancias;<\/p>\n\n\n\n<p><strong>7 \u2013<\/strong>&nbsp;Nosso elenco de Upgrade Boys fazem uma apresenta\u00e7\u00e3o e um \u201cesquenta\u201d com os clientes para apimentar as noites no clube, mas n\u00e3o s\u00e3o obrigados a manter rela\u00e7\u00f5es com quem quer que seja, ent\u00e3o pedimos que respeitem seu trabalho;<\/p>\n\n\n\n<p class=\"has-neve-text-color-color has-text-color\"><strong>8 \u2013<\/strong>&nbsp;Cada um tem seu jeito, sua maneira especial e \u00fanica de sentir e de dar prazer; portanto, por mais estranho ou bizarro que algo possa lhe parecer, respeite o tes\u00e3o do pr\u00f3ximo.<\/p>\n<\/div>\n<\/div>\n\n\n\n<div style=\"height:40px\" aria-hidden=\"true\" class=\"wp-block-spacer\"><\/div>\n<\/div><\/div>\n<\/div><\/div>\n\n\n\n<p><\/p>\n","protected":false},"excerpt":{"rendered":"","protected":false},"author":1,"featured_media":0,"parent":0,"menu_order":0,"comment_status":"closed","ping_status":"closed","template":"","meta":{"neve_meta_sidebar":"","neve_meta_container":"","neve_meta_enable_content_width":"on","neve_meta_content_width":100,"neve_meta_title_alignment":"","neve_meta_author_avatar":"","neve_post_elements_order":"","neve_meta_disable_header":"","neve_meta_disable_footer":"","neve_meta_disable_title":"on","_themeisle_gutenberg_block_has_review":false,"footnotes":""},"class_list":["post-210","page","type-page","status-publish","hentry"],"_links":{"self":[{"href":"https:\/\/upgradesexclub.com.br\/up\/wp-json\/wp\/v2\/pages\/210","targetHints":{"allow":["GET"]}}],"collection":[{"href":"https:\/\/upgradesexclub.com.br\/up\/wp-json\/wp\/v2\/pages"}],"about":[{"href":"https:\/\/upgradesexclub.com.br\/up\/wp-json\/wp\/v2\/types\/page"}],"author":[{"embeddable":true,"href":"https:\/\/upgradesexclub.com.br\/up\/wp-json\/wp\/v2\/users\/1"}],"replies":[{"embeddable":true,"href":"https:\/\/upgradesexclub.com.br\/up\/wp-json\/wp\/v2\/comments?post=210"}],"version-history":[{"count":4,"href":"https:\/\/upgradesexclub.com.br\/up\/wp-json\/wp\/v2\/pages\/210\/revisions"}],"predecessor-version":[{"id":677,"href":"https:\/\/upgradesexclub.com.br\/up\/wp-json\/wp\/v2\/pages\/210\/revisions\/677"}],"wp:attachment":[{"href":"https:\/\/upgradesexclub.com.br\/up\/wp-json\/wp\/v2\/media?parent=210"}],"curies":[{"name":"wp","href":"https:\/\/api.w.org\/{rel}","templated":true}]}}